{"id":3,"date":"2020-11-04T18:23:25","date_gmt":"2020-11-04T17:23:25","guid":{"rendered":"http:\/\/rwwkegeln.bplaced.net\/rww3\/?page_id=3"},"modified":"2020-12-05T17:36:35","modified_gmt":"2020-12-05T16:36:35","slug":"datenschutzerklaerung","status":"publish","type":"page","link":"http:\/\/rwwkegeln.bplaced.net\/rww3\/?page_id=3","title":{"rendered":"Datenschutzerkl\u00e4rung"},"content":{"rendered":"\n<h2 class=\"wp-block-heading\">Wer wir sind<\/h2>\n\n\n\n<p>Die Adresse unserer Website ist: rwwkegeln.bplaced.net.<\/p>\n\n\n\n<p>Eine Nutzung der Internetseiten vom SV Rot-Weiss Walldorf e.V. ist grunds\u00e4tzlich ohne jede Angabe personenbezogener Daten m\u00f6glich. Internetbasierte Daten\u00fcbertragungen k\u00f6nnen grunds\u00e4tzlich Sicherheitsl\u00fccken aufweisen, sodass ein absoluter Schutz nicht gew\u00e4hrleistet werden kann. <strong>Hinweise zur Verarbeitung Ihrer Datengem. Art. 13 der Europ\u00e4ischen Datenschutzgrundverordnung (DS-GVO)<\/strong> Verantwortlich f\u00fcr die Verarbeitung personenbezogener Daten auf diesen Internetseiten ist:<\/p>\n\n\n\n<pre class=\"wp-block-preformatted\">SV Rot-Weiss Walldorf e.V.<br>An den Sportpl\u00e4tzen 27<br>64546 M\u00f6rfelden-Walldorf Deutschland<\/pre>\n\n\n\n<h2 class=\"wp-block-heading\">Welche personenbezogenen Daten wir sammeln und warum wir sie sammeln<\/h2>\n\n\n\n<h3 class=\"wp-block-heading\">Eingebettete Inhalte von anderen Websites<\/h3>\n\n\n\n<p>Beitr\u00e4ge auf dieser Website k\u00f6nnen eingebettete Inhalte beinhalten (z.&nbsp;B. Videos, Bilder, Beitr\u00e4ge etc.). Eingebettete Inhalte von anderen Websites verhalten sich exakt so, als ob der Besucher die andere Website besucht h\u00e4tte.<\/p>\n\n\n\n<p>Diese Websites k\u00f6nnen Daten \u00fcber dich sammeln, Cookies benutzen, zus\u00e4tzliche Tracking-Dienste von Dritten einbetten und deine Interaktion mit diesem eingebetteten Inhalt aufzeichnen, inklusive deiner Interaktion mit dem eingebetteten Inhalt, falls du ein Konto hast und auf dieser Website angemeldet bist.<\/p>\n","protected":false},"excerpt":{"rendered":"<p>Wer wir sind Die Adresse unserer Website ist: rwwkegeln.bplaced.net. Eine Nutzung der Internetseiten vom SV Rot-Weiss Walldorf e.V. ist grunds\u00e4tzlich ohne jede Angabe personenbezogener Daten m\u00f6glich. Internetbasierte Daten\u00fcbertragungen k\u00f6nnen grunds\u00e4tzlich Sicherheitsl\u00fccken aufweisen, sodass ein absoluter Schutz nicht gew\u00e4hrleistet werden kann. Hinweise zur Verarbeitung Ihrer Datengem. Art. 13 der Europ\u00e4ischen Datenschutzgrundverordnung (DS-GVO) Verantwortlich f\u00fcr die Verarbeitung [&hellip;]<\/p>\n","protected":false},"author":1,"featured_media":0,"parent":0,"menu_order":0,"comment_status":"closed","ping_status":"open","template":"","meta":{"footnotes":""},"class_list":["post-3","page","type-page","status-publish","hentry"],"_links":{"self":[{"href":"http:\/\/rwwkegeln.bplaced.net\/rww3\/index.php?rest_route=\/wp\/v2\/pages\/3","targetHints":{"allow":["GET"]}}],"collection":[{"href":"http:\/\/rwwkegeln.bplaced.net\/rww3\/index.php?rest_route=\/wp\/v2\/pages"}],"about":[{"href":"http:\/\/rwwkegeln.bplaced.net\/rww3\/index.php?rest_route=\/wp\/v2\/types\/page"}],"author":[{"embeddable":true,"href":"http:\/\/rwwkegeln.bplaced.net\/rww3\/index.php?rest_route=\/wp\/v2\/users\/1"}],"replies":[{"embeddable":true,"href":"http:\/\/rwwkegeln.bplaced.net\/rww3\/index.php?rest_route=%2Fwp%2Fv2%2Fcomments&post=3"}],"version-history":[{"count":1,"href":"http:\/\/rwwkegeln.bplaced.net\/rww3\/index.php?rest_route=\/wp\/v2\/pages\/3\/revisions"}],"predecessor-version":[{"id":99,"href":"http:\/\/rwwkegeln.bplaced.net\/rww3\/index.php?rest_route=\/wp\/v2\/pages\/3\/revisions\/99"}],"wp:attachment":[{"href":"http:\/\/rwwkegeln.bplaced.net\/rww3\/index.php?rest_route=%2Fwp%2Fv2%2Fmedia&parent=3"}],"curies":[{"name":"wp","href":"https:\/\/api.w.org\/{rel}","templated":true}]}}